{"id":9,"date":"2024-05-27T13:04:28","date_gmt":"2024-05-27T13:04:28","guid":{"rendered":"https:\/\/mozduljse.hu\/wordpress\/?page_id=9"},"modified":"2025-05-26T10:19:48","modified_gmt":"2025-05-26T10:19:48","slug":"dokumentumok","status":"publish","type":"page","link":"https:\/\/mozduljse.hu\/wordpress\/index.php\/dokumentumok\/","title":{"rendered":"Dokumentumok"},"content":{"rendered":"\n<h3 class=\"wp-block-heading\">TAO<\/h3>\n\n\n\n<ul class=\"wp-block-list\">\n<li><a href=\"https:\/\/mozduljse.hu\/dok\/mozduljsetao.pdf\">Mozdulj SE TAO<\/a><\/li>\n\n\n\n<li><a href=\"https:\/\/mozduljse.hu\/dok\/sfp_publikus_01436_2019.pdf\">Mozdulj SE TAO 2019<\/a><\/li>\n\n\n\n<li><a href=\"https:\/\/mozduljse.hu\/\/dok\/sfp_publikus_02436_2020.pdf\">Mozdulj SE TAO 2020<\/a><\/li>\n\n\n\n<li><a href=\"https:\/\/mozduljse.hu\/dok\/mozduljsetao.pdf\">SFP-03436\/2021\/MRSZ<\/a><\/li>\n\n\n\n<li><a href=\"https:\/\/mozduljse.hu\/dok\/sfp_kerelem_03492.pdf\">SFP-03492\/2021\/MRSZ<\/a><\/li>\n\n\n\n<li><a href=\"https:\/\/mozduljse.hu\/dok\/sfpjovahagyohatarozat.pdf\">SFP j\u00f3v\u00e1hagy\u00f3 hat\u00e1rozat<\/a><\/li>\n\n\n\n<li><a href=\"https:\/\/mozduljse.hu\/dok\/Mozdulj_SFP_0443_2022_m%C5%B1k%C3%B6d%C3%A9si.pdf\">SFP-0443-2022\/M\u0171k\u00f6d\u00e9si<\/a><\/li>\n\n\n\n<li><a href=\"https:\/\/mozduljse.hu\/dok\/Mozdulj_J%C3%B3v%C3%A1hagy%C3%B3H_0443_2022_m%C5%B1k%C3%B6d%C3%A9si.pdf\">SFP-0443-2022\/J\u00f3v\u00e1hagy\u00f3<\/a><\/li>\n\n\n\n<li><a href=\"https:\/\/mozduljse.hu\/dok\/sfp_jh_000_04536_2022_mrsz_.pdf\">SFP-04536\/2022\/MRSZ<\/a><\/li>\n\n\n\n<li><a href=\"https:\/\/mozduljse.hu\/dok\/sfp_publikus_04536_20220527_1653644139.pdf\">SFPHP01-04536\/2022\/MRSZ<\/a><\/li>\n\n\n\n<li><a href=\"https:\/\/mozduljse.hu\/dok\/sfp_jh_000_06436_2023_mrsz.pdf\">SFP-JH-000-06436-2023\/MRSZ<\/a><\/li>\n\n\n\n<li><a href=\"https:\/\/mozduljse.hu\/dok\/sfp_publikus_09436_20240429_1714400911.pdf\">SFP-09436-2024\/M\u0171k\u00f6d\u00e9si<\/a><\/li>\n\n\n\n<li><a href=\"https:\/\/mozduljse.hu\/dok\/sfp_jh_000_09436_2024_mrsz_2024-04-17_1713340196_1713361803.pdf\">SFP-09436-2024\/J\u00f3v\u00e1hagy\u00f3<\/a><\/li>\n\n\n\n<li><a href=\"https:\/\/mozduljse.hu\/dok\/sfp_publikus_09536_20240527_1716799700.pdf\">SFP-09536-2024-05\/M\u0171k\u00f6d\u00e9si<\/a><\/li>\n\n\n\n<li><a href=\"https:\/\/mozduljse.hu\/dok\/sfp_jh_000_09536_2024_mrsz_2024-05-27_1716797565_1716798122.pdf\">SFP-09536-2024-05\/J\u00f3v\u00e1hagy\u00f3<\/a><\/li>\n\n\n\n<li><a href=\"https:\/\/mozduljse.hu\/wordpress\/wp-content\/uploads\/2025\/05\/SFP_2025_publikus.pdf\">SFP 2025<\/a><\/li>\n\n\n\n<li><a href=\"https:\/\/mozduljse.hu\/wordpress\/wp-content\/uploads\/2025\/05\/Mozdulj-TAONY-2024.pdf\">Mozdulj SE TAO 2024<\/a><\/li>\n\n\n\n<li><a href=\"https:\/\/mozduljse.hu\/wordpress\/wp-content\/uploads\/2025\/05\/TAO_hatarozat_2025.pdf\">Mozdulj TAO hat\u00e1rozat 2025<\/a><\/li>\n<\/ul>\n\n\n\n<h3 class=\"wp-block-heading\">P\u00e9nz\u00fcgyi besz\u00e1mol\u00f3<\/h3>\n\n\n\n<ul class=\"wp-block-list\">\n<li><a href=\"https:\/\/mozduljse.hu\/dok\/Mozdulj_SE_2021_p%C3%A9nz%C3%BCgyi_besz%C3%A1mol%C3%B3.pdf\">Mozdulj SE 2021 p\u00e9nz\u00fcgyi besz\u00e1mol\u00f3<\/a><\/li>\n\n\n\n<li><a href=\"https:\/\/mozduljse.hu\/dok\/Mozdulj_SE_2022_p%C3%A9nz%C3%BCgyi_besz%C3%A1mol%C3%B3.pdf\">Mozdulj SE 2022 p\u00e9nz\u00fcgyi besz\u00e1mol\u00f3<\/a><\/li>\n\n\n\n<li><a href=\"https:\/\/mozduljse.hu\/dok\/Mozdulj%20m%C3%A9rleg%202023%20bek%C3%BCld%C3%B6tt.pdf\">Mozdulj SE 2023 p\u00e9nz\u00fcgyi besz\u00e1mol\u00f3<\/a><\/li>\n\n\n\n<li><a href=\"https:\/\/mozduljse.hu\/wordpress\/wp-content\/uploads\/2025\/05\/Mozdulj-merleg-2024-bekuldott.pdf\">Mozdulj SE 2024 p\u00e9nz\u00fcgyi besz\u00e1mol\u00f3<\/a><\/li>\n\n\n\n<li><a href=\"https:\/\/mozduljse.hu\/wordpress\/wp-content\/uploads\/2025\/05\/Mozdulj-kiegeszto-melleklet-2024.pdf\">Mozdulj SE 2024 p\u00e9nz\u00fcgyi besz\u00e1mol\u00f3 kieg\u00e9sz\u00edt\u0151 mell\u00e9klete<\/a><\/li>\n<\/ul>\n\n\n\n<h3 class=\"wp-block-heading\">T\u00e1mogat\u00e1s<\/h3>\n\n\n\n<ul class=\"wp-block-list\">\n<li><a href=\"https:\/\/mozduljse.hu\/dok\/tao_betonelemgyartokft.pdf\">Betonelemgy\u00e1rt\u00f3-2000 KFT.<\/a><\/li>\n\n\n\n<li><a href=\"https:\/\/mozduljse.hu\/\/dok\/tao_luxuryspaaranypartkft.pdf\">Luxury SPA Aranypart KFT.<\/a><\/li>\n<\/ul>\n","protected":false},"excerpt":{"rendered":"<p>TAO P\u00e9nz\u00fcgyi besz\u00e1mol\u00f3 T\u00e1mogat\u00e1s<\/p>\n","protected":false},"author":1,"featured_media":0,"parent":0,"menu_order":0,"comment_status":"closed","ping_status":"closed","template":"","meta":{"footnotes":""},"class_list":["post-9","page","type-page","status-publish","hentry"],"_links":{"self":[{"href":"https:\/\/mozduljse.hu\/wordpress\/index.php\/wp-json\/wp\/v2\/pages\/9","targetHints":{"allow":["GET"]}}],"collection":[{"href":"https:\/\/mozduljse.hu\/wordpress\/index.php\/wp-json\/wp\/v2\/pages"}],"about":[{"href":"https:\/\/mozduljse.hu\/wordpress\/index.php\/wp-json\/wp\/v2\/types\/page"}],"author":[{"embeddable":true,"href":"https:\/\/mozduljse.hu\/wordpress\/index.php\/wp-json\/wp\/v2\/users\/1"}],"replies":[{"embeddable":true,"href":"https:\/\/mozduljse.hu\/wordpress\/index.php\/wp-json\/wp\/v2\/comments?post=9"}],"version-history":[{"count":7,"href":"https:\/\/mozduljse.hu\/wordpress\/index.php\/wp-json\/wp\/v2\/pages\/9\/revisions"}],"predecessor-version":[{"id":202,"href":"https:\/\/mozduljse.hu\/wordpress\/index.php\/wp-json\/wp\/v2\/pages\/9\/revisions\/202"}],"wp:attachment":[{"href":"https:\/\/mozduljse.hu\/wordpress\/index.php\/wp-json\/wp\/v2\/media?parent=9"}],"curies":[{"name":"wp","href":"https:\/\/api.w.org\/{rel}","templated":true}]}}